{"id":3,"date":"2025-11-23T07:43:24","date_gmt":"2025-11-23T07:43:24","guid":{"rendered":"https:\/\/www.texyte.com\/?page_id=3"},"modified":"2025-11-24T16:09:46","modified_gmt":"2025-11-24T15:09:46","slug":"privacy-policy","status":"publish","type":"page","link":"https:\/\/www.texyte.com\/de\/privacy-policy\/","title":{"rendered":"Datenschutzerkl\u00e4rung"},"content":{"rendered":"<div data-elementor-type=\"wp-page\" data-elementor-id=\"3\" class=\"elementor elementor-3\">\n\t\t\t\t<div class=\"elementor-element elementor-element-6e63b4e0 e-flex e-con-boxed e-con e-parent\" data-id=\"6e63b4e0\" data-element_type=\"container\" data-e-type=\"container\">\n\t\t\t\t\t<div class=\"e-con-inner\">\n\t\t\t\t<div class=\"elementor-element elementor-element-3c5caf1e elementor-widget elementor-widget-text-editor\" data-id=\"3c5caf1e\" data-element_type=\"widget\" data-e-type=\"widget\" data-widget_type=\"text-editor.default\">\n\t\t\t\t\t\t\t\t\t\n<h3 class=\"wp-block-heading\">1. Name und Anschrift der f\u00fcr die Verarbeitung verantwortlichen Person<\/h3>\n<p>Verantwortlicher im Sinne der Datenschutz-Grundverordnung (DSGVO), anderer in den Mitgliedstaaten der Europ\u00e4ischen Union geltender Datenschutzgesetze und sonstiger datenschutzrechtlicher Bestimmungen ist:<\/p>\n<p><strong>Name:<\/strong> Texyte Solutions GmbH<br \/><strong>Adresse:<\/strong> Seestr. 9b, 83727 Schliersee, Deutschland<br \/><strong>Telefon:<\/strong> +49 (0) 8026 387 46 01<br \/><strong>Mail:<\/strong> privacy@texyte.com<\/p>\n<h3>2. Erhebung und Speicherung personenbezogener Daten sowie Art und Zweck ihrer Verwendung<\/h3>\n<h4>a) Beim Besuch der Website<\/h4>\n<p>Wenn Sie unsere Website besuchen, sendet der Browser Ihres Ger\u00e4ts automatisch Informationen an den Server unserer Website. Diese Informationen werden vor\u00fcbergehend in einer sogenannten Logdatei gespeichert. Folgende Informationen werden ohne Ihr Zutun erfasst und bis zu ihrer automatischen L\u00f6schung gespeichert:<\/p>\n<ul>\n<li>IP-Adresse des anfragenden Computers<\/li>\n<li>Datum und Uhrzeit des Zugriffs<\/li>\n<li>Name und URL der abgerufenen Datei<\/li>\n<li>Webseite, von der aus der Zugriff erfolgt (Referrer-URL)<\/li>\n<li>Verwendeter Browser und gegebenenfalls das Betriebssystem Ihres Computers sowie der Name Ihres Internetanbieters<\/li>\n<\/ul>\n<p>Die oben genannten Daten werden von uns zu folgenden Zwecken verarbeitet:<\/p>\n<ul>\n<li>Gew\u00e4hrleistung einer reibungslosen Verbindung zur Website<\/li>\n<li>Gew\u00e4hrleistung einer komfortablen Nutzung unserer Website<\/li>\n<li>Bewertung der Systemsicherheit und -stabilit\u00e4t sowie<\/li>\n<li>Zur weiteren administrativen<\/li>\n<\/ul>\n<p>Rechtsgrundlage f\u00fcr die Datenverarbeitung ist Art. 6 Abs. 1 S. 1 lit. f DSGVO. Unser berechtigtes Interesse ergibt sich aus den oben genannten Zwecken der Datenerhebung. Wir verwenden die erhobenen Daten unter keinen Umst\u00e4nden, um R\u00fcckschl\u00fcsse auf Ihre Person zu ziehen.<\/p>\n<h4>b) Bei Verwendung unseres Kontaktformulars<\/h4>\n<p>Bei Fragen k\u00f6nnen Sie uns \u00fcber ein Formular auf unserer Website kontaktieren. Bitte geben Sie eine g\u00fcltige E-Mail-Adresse an, damit wir Ihre Anfrage zuordnen und beantworten k\u00f6nnen. Weitere Angaben sind freiwillig.<\/p>\n<p>Die Datenverarbeitung zum Zweck der Kontaktaufnahme mit uns erfolgt gem\u00e4\u00df Art. 6 Abs. 1 S. 1 lit. a DSGVO auf Grundlage Ihrer freiwillig erteilten Einwilligung.<\/p>\n<p>Die von uns im Rahmen der Nutzung des Kontaktformulars erhobenen personenbezogenen Daten werden nach Abschluss Ihrer Anfrage automatisch gel\u00f6scht.<\/p>\n<h4>b) Bei der Verwendung unserer Werkzeuge<\/h4>\n<p>Wenn Sie Tools (z. B. Passwortgenerator, \u2026) verwenden, die in einem Microsoft Azure-Webdienst (texyte.azurewebsites.net) gehostet werden, m\u00fcssen Daten (darunter auch personenbezogene Daten) an ein Verarbeitungs-Backend gesendet werden.<\/p>\n<p>Die von uns zur Bereitstellung oder Berechnung der Ergebnisse erhobenen personenbezogenen Daten werden nicht gespeichert, k\u00f6nnen aber anonymisiert f\u00fcr bestimmte Analysezwecke verwendet werden.<\/p>\n<h3>3. Offenlegung von Daten<\/h3>\n<p>Ihre personenbezogenen Daten werden nicht zu anderen als den unten aufgef\u00fchrten Zwecken an Dritte weitergegeben. Wir geben Ihre personenbezogenen Daten nur dann an Dritte weiter, wenn:<\/p>\n<ul>\n<li>Sie haben Ihre Einwilligung gem\u00e4\u00df Art. 6 Abs. 1 S. 1 lit. a DSGVO erteilt.,<\/li>\n<li>Die Offenlegung gem\u00e4\u00df Art. 6 Abs. 1 S. 1 lit. f DSGVO ist zur Geltendmachung, Aus\u00fcbung oder Verteidigung von Rechtsanspr\u00fcchen erforderlich, und es gibt keinen Grund zu der Annahme, dass Sie ein \u00fcberwiegendes schutzw\u00fcrdiges Interesse an der Nichtoffenlegung Ihrer Daten haben.,<\/li>\n<li>f\u00fcr den Fall, dass eine rechtliche Offenlegungspflicht gem\u00e4\u00df Art. 6 Abs. 1 S. 1 lit. c DSGVO besteht,<\/li>\n<li>Dies ist rechtlich zul\u00e4ssig und gem\u00e4\u00df Art. 6 Abs. 1 S. 1 lit. b DSGVO erforderlich und f\u00fcr die Abwicklung der Vertragsbeziehung mit Ihnen notwendig.<\/li>\n<\/ul>\n<h3>4. Cookies<\/h3>\n<p>Wir verwenden auf unserer Website ausschlie\u00dflich technisch notwendige Cookies.<\/p>\n<h4>4.1 Technisch notwendige Cookies<\/h4>\n<p>Technisch notwendige Cookies sind f\u00fcr das einwandfreie Funktionieren unserer Website erforderlich. Durch deren Aktivierung k\u00f6nnen Sie auf unserer Website navigieren und deren Funktionen nutzen.<\/p>\n<p>Rechtsgrundlage f\u00fcr die Erhebung und Verarbeitung personenbezogener Daten im Zusammenhang mit der Verwendung technisch notwendiger Cookies ist die Erf\u00fcllung unserer vertraglichen Verpflichtungen (Art. 6 Abs. 1 lit. b DSGVO) oder die Wahrung unserer berechtigten Interessen, die insbesondere darin bestehen, Ihnen unsere Website mit ihren wesentlichen Funktionen bereitzustellen (Art. 6 Abs. 1 lit. f DSGVO).<\/p>\n<p>Informationen zu etwaigen Widerspruchsrechten im Zusammenhang mit der Datenverarbeitung auf Grundlage berechtigter Interessen (Art. 6 Abs. 1 lit. f DSGVO) finden Sie in Abschnitt 4.2.<\/p>\n<h4>4.2 Technisch notwendige Cookies (Widerspruchsrecht)<\/h4>\n<p>Sie haben das Recht, aus Gr\u00fcnden, die sich aus Ihrer besonderen Situation ergeben, jederzeit gegen die Verarbeitung Ihrer personenbezogenen Daten Widerspruch einzulegen, die auf berechtigten Interessen gem\u00e4\u00df Art. 6 Abs. 1 lit. f DSGVO beruht. Wir verarbeiten Ihre personenbezogenen Daten nach einem Widerspruch nicht mehr, es sei denn, wir k\u00f6nnen zwingende schutzw\u00fcrdige Gr\u00fcnde f\u00fcr die Verarbeitung nachweisen, die Ihre Interessen, Rechte und Freiheiten \u00fcberwiegen, oder die Verarbeitung dient der Geltendmachung, Aus\u00fcbung oder Verteidigung von Rechtsanspr\u00fcchen (vgl. Art. 21 Abs. 1 DSGVO, sogenanntes beschr\u00e4nktes Widerspruchsrecht). In diesem Fall m\u00fcssen Sie Gr\u00fcnde f\u00fcr Ihren Widerspruch angeben, die sich aus Ihrer besonderen Situation ergeben. Weitere Informationen zu Ihrem Widerspruchsrecht finden Sie in unserer Datenschutzerkl\u00e4rung.<\/p>\n<p>Bitte beachten Sie, dass Sie unsere Website auch ohne technisch notwendige Cookies nutzen k\u00f6nnen. Die Nutzung bestimmter Funktionen unserer Website ist dann jedoch m\u00f6glicherweise nur eingeschr\u00e4nkt m\u00f6glich.<\/p>\n<h4>4.3 Ablehnen von Cookies<\/h4>\n<p>Sie k\u00f6nnen Ihren Webbrowser so konfigurieren, dass eine Meldung angezeigt wird, wenn ein Cookie gesetzt\/gespeichert wird. Alternativ k\u00f6nnen Sie Cookies grunds\u00e4tzlich ablehnen. Bereits gesetzte Cookies k\u00f6nnen Sie ebenfalls \u00fcber Ihren Browser einsehen und l\u00f6schen.<\/p>\n<h3>5. Rechte der betroffenen Personen<\/h3>\n<p>Sie haben das Recht auf:<\/p>\n<ul>\n<li>Gem\u00e4\u00df Art. 15 DSGVO haben Sie das Recht, Auskunft \u00fcber Ihre von uns verarbeiteten personenbezogenen Daten zu verlangen. Insbesondere k\u00f6nnen Sie Informationen \u00fcber die Zwecke der Verarbeitung, die Kategorien personenbezogener Daten, die Kategorien von Empf\u00e4ngern, gegen\u00fcber denen Ihre Daten offengelegt wurden oder werden, die geplante Speicherdauer, das Bestehen eines Rechts auf Berichtigung, L\u00f6schung, Einschr\u00e4nkung der Verarbeitung oder Widerspruch, das Bestehen eines Beschwerderechts, die Herkunft Ihrer Daten, sofern diese nicht von uns erhoben wurden, sowie das Bestehen einer automatisierten Entscheidungsfindung einschlie\u00dflich Profiling und gegebenenfalls aussagekr\u00e4ftige Informationen \u00fcber deren Einzelheiten erhalten.<\/li>\n<li>Gem\u00e4\u00df Art. 16 DSGVO haben Sie das Recht, die unverz\u00fcgliche Berichtigung unrichtiger oder unvollst\u00e4ndiger personenbezogener Daten zu verlangen, die von uns gespeichert werden.<\/li>\n<li>Gem\u00e4\u00df Art. 17 DSGVO haben Sie das Recht, die L\u00f6schung Ihrer bei uns gespeicherten personenbezogenen Daten zu verlangen, es sei denn, die Verarbeitung ist zur Aus\u00fcbung des Rechts auf freie Meinungs\u00e4u\u00dferung und Information, zur Erf\u00fcllung einer rechtlichen Verpflichtung, aus Gr\u00fcnden des \u00f6ffentlichen Interesses oder zur Geltendmachung, Aus\u00fcbung oder Verteidigung von Rechtsanspr\u00fcchen erforderlich.<\/li>\n<li>Gem\u00e4\u00df Art. 18 DSGVO k\u00f6nnen Sie die Einschr\u00e4nkung der Verarbeitung Ihrer personenbezogenen Daten verlangen, sofern Sie die Richtigkeit der Daten bestreiten, die Verarbeitung unrechtm\u00e4\u00dfig ist, Sie aber deren L\u00f6schung ablehnen.<\/li>\n<\/ul>\n<p>und wir die Daten nicht mehr ben\u00f6tigen, Sie diese aber zur Geltendmachung, Aus\u00fcbung oder Verteidigung von Rechtsanspr\u00fcchen ben\u00f6tigen oder Sie Ihre Einwilligung gem\u00e4\u00df Art. 21 DSGVO erteilt oder Widerspruch gegen die Verarbeitung eingelegt haben.<\/p>\n<ul>\n<li>Gem\u00e4\u00df Art. 20 DSGVO haben Sie das Recht, Ihre uns bereitgestellten personenbezogenen Daten in einem strukturierten, g\u00e4ngigen und maschinenlesbaren Format zu erhalten oder deren \u00dcbermittlung an einen anderen Verantwortlichen zu verlangen.<\/li>\n<li>Gem\u00e4\u00df Art. 7 Abs. 3 DSGVO k\u00f6nnen Sie Ihre uns erteilte Einwilligung jederzeit widerrufen. Infolgedessen d\u00fcrfen wir die auf dieser Einwilligung beruhende Datenverarbeitung zuk\u00fcnftig nicht mehr fortsetzen.<\/li>\n<li>Gem\u00e4\u00df Art. 77 DSGVO haben Sie das Recht, eine Beschwerde bei einer Aufsichtsbeh\u00f6rde einzureichen. In der Regel k\u00f6nnen Sie sich an die Aufsichtsbeh\u00f6rde Ihres gew\u00f6hnlichen Aufenthaltsortes, Ihres Arbeitsplatzes oder unseres Gesch\u00e4ftssitzes wenden.<\/li>\n<li>Gem\u00e4\u00df Art. 21 DSGVO haben Sie das Recht, der Verarbeitung Ihrer personenbezogenen Daten zu widersprechen, sofern Gr\u00fcnde vorliegen, die sich aus Ihrer besonderen Situation ergeben oder sich Ihr Widerspruch gegen Direktwerbung richtet. Im letzteren Fall haben Sie ein allgemeines Widerspruchsrecht, das wir ohne Angabe einer besonderen Situation umsetzen. Sie k\u00f6nnen Ihren Widerspruch formlos per Telefon, E-Mail, Fax oder an unsere Postanschrift am Anfang dieser Datenschutzerkl\u00e4rung \u00fcbermitteln.<\/li>\n<\/ul>\n<h3>6. Datensicherheit<\/h3>\n<p>Um die Datensicherheit zu gew\u00e4hrleisten, wird die \u00dcbertragung der Inhalte unserer Website gem\u00e4\u00df dem Stand der Technik mittels SSL-Verschl\u00fcsselung gesch\u00fctzt. Zum Schutz der Daten setzen wir und die beauftragten Dienstleister, mit denen entsprechende vertragliche Vereinbarungen getroffen wurden, geeignete Ma\u00dfnahmen nach dem Stand der Technik ein, insbesondere um den Zugriff auf die Daten einzuschr\u00e4nken, sie vor Ver\u00e4nderungen und Verlust zu sch\u00fctzen und ihre Vertraulichkeit gem\u00e4\u00df dem Stand der Technik zu gew\u00e4hrleisten.<\/p>\n<h3>7. Status und Aktualisierung dieser Datenschutzrichtlinie<\/h3>\n<p>Diese Datenschutzerkl\u00e4rung wurde zuletzt am 24.11.2025 aktualisiert. Wir behalten uns das Recht vor, die Datenschutzerkl\u00e4rung gegebenenfalls zu aktualisieren, um den Datenschutz zu verbessern und\/oder anzupassen.<\/p>\n<p><\/p>\t\t\t\t\t\t\t\t<\/div>\n\t\t\t\t\t<\/div>\n\t\t\t\t<\/div>\n\t\t\t\t<\/div>","protected":false},"excerpt":{"rendered":"<p>1. Name and address of the person responsible for processing Controller for the purposes of the General Data Protection Regulation (GDPR), other data protection laws applicable in Member states of the European Union and other provisions related to data protection is: Name: Texyte Solutions GmbHAddress: Seestr. 9b, 83727 Schliersee, GermanyPhone: +49 (0) 8026 387 46[&hellip;]<\/p>\n","protected":false},"author":1,"featured_media":0,"parent":0,"menu_order":0,"comment_status":"closed","ping_status":"closed","template":"","meta":{"zakra_general_container_width":0,"zakra_general_content_width":0,"zakra_general_sidebar_width":0,"zakra_sticky_header":"customizer","zakra_header_main_area":true,"zakra_site_logo_width":0,"zakra_header_top_enabled":"customizer","zakra_header_top_style":"customizer","zakra_primary_menu_item_style":"customizer","zakra_page_header_text_color":"","zakra_page_header_layout":"customizer","zakra_page_title_bg":"","zakra_footer_widgets_bg_image":0,"zakra_page_title_bg_repeat":"customizer","zakra_page_title_bg_position":"center top","zakra_page_title_bg_size":"customizer","zakra_page_title_bg_attachment":"customizer","zakra_breadcrumbs_enabled":"customizer","zakra_breadcrumbs_text_color":"","zakra_breadcrumbs_separator_color":"","zakra_breadcrumbs_link_color":"","zakra_breadcrumbs_link_hover_color":"","zakra_page_title_bg_image":1970,"zakra_footer_widgets_enabled":"customizer","zakra_footer_column_layout_1_style":"customizer","zakra_footer_widgets_bg":"","zakra_footer_widgets_bg_repeat":"customizer","zakra_footer_widgets_bg_position":"customizer","zakra_footer_widgets_bg_size":"customizer","zakra_footer_widgets_bg_attachment":"customizer","zakra_footer_bar_enabled":"customizer","zakra_footer_bar_style":"customizer","zakra_page_container_layout":"customizer","zakra_page_sidebar_layout":"customizer","zakra_remove_content_margin":false,"zakra_sidebar":"customizer","zakra_transparent_header":"customizer","zakra_logo":0,"zakra_main_header_style":"default","zakra_menu_item_color":"","zakra_menu_item_hover_color":"","zakra_menu_item_active_color":"","zakra_menu_active_style":"","zakra_page_header":true,"footnotes":""},"class_list":["post-3","page","type-page","status-publish","hentry"],"_links":{"self":[{"href":"https:\/\/www.texyte.com\/de\/wp-json\/wp\/v2\/pages\/3","targetHints":{"allow":["GET"]}}],"collection":[{"href":"https:\/\/www.texyte.com\/de\/wp-json\/wp\/v2\/pages"}],"about":[{"href":"https:\/\/www.texyte.com\/de\/wp-json\/wp\/v2\/types\/page"}],"author":[{"embeddable":true,"href":"https:\/\/www.texyte.com\/de\/wp-json\/wp\/v2\/users\/1"}],"replies":[{"embeddable":true,"href":"https:\/\/www.texyte.com\/de\/wp-json\/wp\/v2\/comments?post=3"}],"version-history":[{"count":5,"href":"https:\/\/www.texyte.com\/de\/wp-json\/wp\/v2\/pages\/3\/revisions"}],"predecessor-version":[{"id":2029,"href":"https:\/\/www.texyte.com\/de\/wp-json\/wp\/v2\/pages\/3\/revisions\/2029"}],"wp:attachment":[{"href":"https:\/\/www.texyte.com\/de\/wp-json\/wp\/v2\/media?parent=3"}],"curies":[{"name":"wp","href":"https:\/\/api.w.org\/{rel}","templated":true}]}}